{"id":256,"date":"2023-03-15T13:51:53","date_gmt":"2023-03-15T13:51:53","guid":{"rendered":"https:\/\/www.elmoremote.com\/v2\/?page_id=256"},"modified":"2025-09-09T09:50:06","modified_gmt":"2025-09-09T09:50:06","slug":"politique-de-confidentialite","status":"publish","type":"page","link":"https:\/\/www.elmoremote.com\/fr\/politique-de-confidentialite\/","title":{"rendered":"Politique de confidentialit\u00e9"},"content":{"rendered":"\n<p>Elmo (\u00ab\u00a0nous\u00a0\u00bb, \u00ab\u00a0notre\u00a0\u00bb) s&rsquo;engage \u00e0 prot\u00e9ger la confidentialit\u00e9 et la s\u00e9curit\u00e9 de vos informations personnelles. Cette politique de confidentialit\u00e9 explique comment nous recueillons, utilisons et divulguons vos informations personnelles lorsque vous utilisez notre site Web et nos services.<\/p>\n\n\n\n<div style=\"height:20px\" aria-hidden=\"true\" class=\"wp-block-spacer\"><\/div>\n\n\n\n<h3>Informations que nous recueillons<\/h3>\n\n\n\n<p>Nous pouvons collecter des informations personnelles lorsque vous utilisez notre site Web et nos services, notamment:<\/p>\n\n\n\n<ul>\n<li>Des informations de contact telles que votre nom, votre adresse e-mail et votre num\u00e9ro de t\u00e9l\u00e9phone<\/li>\n\n\n\n<li>Des informations de facturation telles que votre adresse de facturation et les informations de paiement<\/li>\n\n\n\n<li>Des informations sur votre historique de location de v\u00e9hicules et vos pr\u00e9f\u00e9rences<\/li>\n\n\n\n<li>Des informations de localisation si vous nous autorisez \u00e0 acc\u00e9der \u00e0 la localisation de votre appareil<\/li>\n<\/ul>\n\n\n\n<p>Nous pouvons \u00e9galement collecter des informations non personnelles, telles que des informations sur votre appareil, votre navigateur Web et votre utilisation de notre site Web.<\/p>\n\n\n\n<div style=\"height:20px\" aria-hidden=\"true\" class=\"wp-block-spacer\"><\/div>\n\n\n\n<h3>Comment nous utilisons vos informations<\/h3>\n\n\n\n<p>Nous pouvons utiliser vos informations personnelles aux fins suivantes :<\/p>\n\n\n\n<ul>\n<li>Pour fournir et am\u00e9liorer nos services<\/li>\n\n\n\n<li>Pour traiter vos r\u00e9servations de location de v\u00e9hicules et les paiements<\/li>\n\n\n\n<li>Pour communiquer avec vous au sujet de vos r\u00e9servations et de nos services<\/li>\n\n\n\n<li>Pour personnaliser votre exp\u00e9rience sur notre site Web<\/li>\n\n\n\n<li>Pour respecter les obligations l\u00e9gales<\/li>\n<\/ul>\n\n\n\n<p>Nous pouvons \u00e9galement utiliser vos informations personnelles \u00e0 des fins de marketing avec votre consentement.<\/p>\n\n\n\n<div style=\"height:20px\" aria-hidden=\"true\" class=\"wp-block-spacer\"><\/div>\n\n\n\n<h3>Partage de vos informations<\/h3>\n\n\n\n<p>Nous pouvons partager vos informations personnelles avec des tiers dans les circonstances suivantes :<\/p>\n\n\n\n<ul>\n<li>Pour traiter vos r\u00e9servations de location de v\u00e9hicules et les paiements<\/li>\n\n\n\n<li>Pour fournir des services de support client<\/li>\n\n\n\n<li>Pour respecter les obligations l\u00e9gales<\/li>\n\n\n\n<li>Avec votre consentement<\/li>\n<\/ul>\n\n\n\n<p>Nous pouvons \u00e9galement partager vos informations non personnelles avec des tiers \u00e0 des fins d&rsquo;analyse et de publicit\u00e9.<\/p>\n\n\n\n<div style=\"height:20px\" aria-hidden=\"true\" class=\"wp-block-spacer\"><\/div>\n\n\n\n<h3>Vos droits<\/h3>\n\n\n\n<p>Vous avez le droit d&rsquo;acc\u00e9der, de corriger et de supprimer vos informations personnelles. Vous pouvez \u00e9galement vous opposer au traitement de vos informations personnelles et demander que nous restreignions ou transf\u00e9rions vos informations personnelles. Pour exercer ces droits, veuillez nous contacter en utilisant les informations ci-dessous.<\/p>\n\n\n\n<div style=\"height:20px\" aria-hidden=\"true\" class=\"wp-block-spacer\"><\/div>\n\n\n\n<h3>S\u00e9curit\u00e9<\/h3>\n\n\n\n<p>Nous prenons des mesures raisonnables pour prot\u00e9ger vos informations personnelles contre tout acc\u00e8s, utilisation et divulgation non autoris\u00e9s. Cependant, aucune mesure de s\u00e9curit\u00e9 n&rsquo;est infaillible et nous ne pouvons garantir la s\u00e9curit\u00e9 de vos informations personnelles.<\/p>\n\n\n\n<div style=\"height:20px\" aria-hidden=\"true\" class=\"wp-block-spacer\"><\/div>\n\n\n\n<h3>Modifications de cette politique<\/h3>\n\n\n\n<p>Nous pouvons mettre \u00e0 jour cette politique de confidentialit\u00e9 de temps \u00e0 autre. La politique mise \u00e0 jour sera affich\u00e9e sur notre site Web avec la date d&rsquo;entr\u00e9e en vigueur.<\/p>\n\n\n\n<div style=\"height:20px\" aria-hidden=\"true\" class=\"wp-block-spacer\"><\/div>\n\n\n\n<h3>Nous contacter<\/h3>\n\n\n\n<p>Si vous avez des questions ou des pr\u00e9occupations concernant notre politique de confidentialit\u00e9 ou notre utilisation de vos informations personnelles, veuillez nous contacter \u00e0 l&rsquo;adresse <a href=\"mailto:info@elmorent.com\">info@elmoremote.com<\/a>.<\/p>\n","protected":false},"excerpt":{"rendered":"<p>Elmo (\u00ab\u00a0nous\u00a0\u00bb, \u00ab\u00a0notre\u00a0\u00bb) s&rsquo;engage \u00e0 prot\u00e9ger la confidentialit\u00e9 et la s\u00e9curit\u00e9 de vos informations personnelles. Cette politique de confidentialit\u00e9 explique comment nous recueillons, utilisons et divulguons vos informations personnelles lorsque vous utilisez notre site Web et nos services. Informations que nous recueillons Nous pouvons collecter des informations personnelles lorsque vous utilisez notre site Web et&#8230;  <a class=\"excerpt-read-more\" href=\"https:\/\/www.elmoremote.com\/fr\/politique-de-confidentialite\/\" title=\"Read Politique de confidentialit\u00e9\">Read more &raquo;<\/a><\/p>\n","protected":false},"author":2,"featured_media":0,"parent":0,"menu_order":0,"comment_status":"closed","ping_status":"closed","template":"","meta":{"inline_featured_image":false},"categories":[],"acf":[],"yoast_head":"<!-- This site is optimized with the Yoast SEO plugin v20.3 - https:\/\/yoast.com\/wordpress\/plugins\/seo\/ -->\n<title>Politique de confidentialit\u00e9 &ndash; Elmo<\/title>\n<meta name=\"robots\" content=\"index, follow, max-snippet:-1, max-image-preview:large, max-video-preview:-1\" \/>\n<link rel=\"canonical\" href=\"https:\/\/www.elmoremote.com\/fr\/politique-de-confidentialite\/\" \/>\n<meta property=\"og:locale\" content=\"fr_FR\" \/>\n<meta property=\"og:type\" content=\"article\" \/>\n<meta property=\"og:title\" content=\"Politique de confidentialit\u00e9 &ndash; Elmo\" \/>\n<meta property=\"og:description\" content=\"Elmo (\u00ab\u00a0nous\u00a0\u00bb, \u00ab\u00a0notre\u00a0\u00bb) s&rsquo;engage \u00e0 prot\u00e9ger la confidentialit\u00e9 et la s\u00e9curit\u00e9 de vos informations personnelles. Cette politique de confidentialit\u00e9 explique comment nous recueillons, utilisons et divulguons vos informations personnelles lorsque vous utilisez notre site Web et nos services. Informations que nous recueillons Nous pouvons collecter des informations personnelles lorsque vous utilisez notre site Web et... Read more &raquo;\" \/>\n<meta property=\"og:url\" content=\"https:\/\/www.elmoremote.com\/fr\/politique-de-confidentialite\/\" \/>\n<meta property=\"og:site_name\" content=\"Elmo\" \/>\n<meta property=\"article:modified_time\" content=\"2025-09-09T09:50:06+00:00\" \/>\n<meta property=\"og:image\" content=\"https:\/\/www.elmoremote.com\/wp-content\/uploads\/2023\/04\/opengraph-elmoremote.jpg\" \/>\n\t<meta property=\"og:image:width\" content=\"1200\" \/>\n\t<meta property=\"og:image:height\" content=\"675\" \/>\n\t<meta property=\"og:image:type\" content=\"image\/jpeg\" \/>\n<meta name=\"twitter:card\" content=\"summary_large_image\" \/>\n<meta name=\"twitter:site\" content=\"@ElmoRemote\" \/>\n<meta name=\"twitter:label1\" content=\"Est. reading time\" \/>\n\t<meta name=\"twitter:data1\" content=\"2 minutes\" \/>\n<script type=\"application\/ld+json\" class=\"yoast-schema-graph\">{\"@context\":\"https:\/\/schema.org\",\"@graph\":[{\"@type\":\"WebPage\",\"@id\":\"https:\/\/www.elmoremote.com\/fr\/politique-de-confidentialite\/\",\"url\":\"https:\/\/www.elmoremote.com\/fr\/politique-de-confidentialite\/\",\"name\":\"Politique de confidentialit\u00e9 &ndash; Elmo\",\"isPartOf\":{\"@id\":\"https:\/\/www.elmoremote.com\/#website\"},\"datePublished\":\"2023-03-15T13:51:53+00:00\",\"dateModified\":\"2025-09-09T09:50:06+00:00\",\"breadcrumb\":{\"@id\":\"https:\/\/www.elmoremote.com\/fr\/politique-de-confidentialite\/#breadcrumb\"},\"inLanguage\":\"fr-FR\",\"potentialAction\":[{\"@type\":\"ReadAction\",\"target\":[\"https:\/\/www.elmoremote.com\/fr\/politique-de-confidentialite\/\"]}]},{\"@type\":\"BreadcrumbList\",\"@id\":\"https:\/\/www.elmoremote.com\/fr\/politique-de-confidentialite\/#breadcrumb\",\"itemListElement\":[{\"@type\":\"ListItem\",\"position\":1,\"name\":\"Home\",\"item\":\"https:\/\/www.elmoremote.com\/fr\/home-page\/\"},{\"@type\":\"ListItem\",\"position\":2,\"name\":\"Politique de confidentialit\u00e9\"}]},{\"@type\":\"WebSite\",\"@id\":\"https:\/\/www.elmoremote.com\/#website\",\"url\":\"https:\/\/www.elmoremote.com\/\",\"name\":\"Elmo\",\"description\":\"Road-legal remote technology for cars\",\"publisher\":{\"@id\":\"https:\/\/www.elmoremote.com\/#organization\"},\"potentialAction\":[{\"@type\":\"SearchAction\",\"target\":{\"@type\":\"EntryPoint\",\"urlTemplate\":\"https:\/\/www.elmoremote.com\/?s={search_term_string}\"},\"query-input\":\"required name=search_term_string\"}],\"inLanguage\":\"fr-FR\"},{\"@type\":\"Organization\",\"@id\":\"https:\/\/www.elmoremote.com\/#organization\",\"name\":\"Elmo Rent\",\"url\":\"https:\/\/www.elmoremote.com\/\",\"logo\":{\"@type\":\"ImageObject\",\"inLanguage\":\"fr-FR\",\"@id\":\"https:\/\/www.elmoremote.com\/#\/schema\/logo\/image\/\",\"url\":\"https:\/\/www.elmoremote.com\/wp-content\/uploads\/2023\/03\/elmo-icon.png\",\"contentUrl\":\"https:\/\/www.elmoremote.com\/wp-content\/uploads\/2023\/03\/elmo-icon.png\",\"width\":400,\"height\":400,\"caption\":\"Elmo Rent\"},\"image\":{\"@id\":\"https:\/\/www.elmoremote.com\/#\/schema\/logo\/image\/\"},\"sameAs\":[\"https:\/\/twitter.com\/ElmoRemote\"]}]}<\/script>\n<!-- \/ Yoast SEO plugin. -->","yoast_head_json":{"title":"Politique de confidentialit\u00e9 &ndash; Elmo","robots":{"index":"index","follow":"follow","max-snippet":"max-snippet:-1","max-image-preview":"max-image-preview:large","max-video-preview":"max-video-preview:-1"},"canonical":"https:\/\/www.elmoremote.com\/fr\/politique-de-confidentialite\/","og_locale":"fr_FR","og_type":"article","og_title":"Politique de confidentialit\u00e9 &ndash; Elmo","og_description":"Elmo (\u00ab\u00a0nous\u00a0\u00bb, \u00ab\u00a0notre\u00a0\u00bb) s&rsquo;engage \u00e0 prot\u00e9ger la confidentialit\u00e9 et la s\u00e9curit\u00e9 de vos informations personnelles. Cette politique de confidentialit\u00e9 explique comment nous recueillons, utilisons et divulguons vos informations personnelles lorsque vous utilisez notre site Web et nos services. Informations que nous recueillons Nous pouvons collecter des informations personnelles lorsque vous utilisez notre site Web et... Read more &raquo;","og_url":"https:\/\/www.elmoremote.com\/fr\/politique-de-confidentialite\/","og_site_name":"Elmo","article_modified_time":"2025-09-09T09:50:06+00:00","og_image":[{"width":1200,"height":675,"url":"https:\/\/www.elmoremote.com\/wp-content\/uploads\/2023\/04\/opengraph-elmoremote.jpg","type":"image\/jpeg"}],"twitter_card":"summary_large_image","twitter_site":"@ElmoRemote","twitter_misc":{"Est. reading time":"2 minutes"},"schema":{"@context":"https:\/\/schema.org","@graph":[{"@type":"WebPage","@id":"https:\/\/www.elmoremote.com\/fr\/politique-de-confidentialite\/","url":"https:\/\/www.elmoremote.com\/fr\/politique-de-confidentialite\/","name":"Politique de confidentialit\u00e9 &ndash; Elmo","isPartOf":{"@id":"https:\/\/www.elmoremote.com\/#website"},"datePublished":"2023-03-15T13:51:53+00:00","dateModified":"2025-09-09T09:50:06+00:00","breadcrumb":{"@id":"https:\/\/www.elmoremote.com\/fr\/politique-de-confidentialite\/#breadcrumb"},"inLanguage":"fr-FR","potentialAction":[{"@type":"ReadAction","target":["https:\/\/www.elmoremote.com\/fr\/politique-de-confidentialite\/"]}]},{"@type":"BreadcrumbList","@id":"https:\/\/www.elmoremote.com\/fr\/politique-de-confidentialite\/#breadcrumb","itemListElement":[{"@type":"ListItem","position":1,"name":"Home","item":"https:\/\/www.elmoremote.com\/fr\/home-page\/"},{"@type":"ListItem","position":2,"name":"Politique de confidentialit\u00e9"}]},{"@type":"WebSite","@id":"https:\/\/www.elmoremote.com\/#website","url":"https:\/\/www.elmoremote.com\/","name":"Elmo","description":"Road-legal remote technology for cars","publisher":{"@id":"https:\/\/www.elmoremote.com\/#organization"},"potentialAction":[{"@type":"SearchAction","target":{"@type":"EntryPoint","urlTemplate":"https:\/\/www.elmoremote.com\/?s={search_term_string}"},"query-input":"required name=search_term_string"}],"inLanguage":"fr-FR"},{"@type":"Organization","@id":"https:\/\/www.elmoremote.com\/#organization","name":"Elmo Rent","url":"https:\/\/www.elmoremote.com\/","logo":{"@type":"ImageObject","inLanguage":"fr-FR","@id":"https:\/\/www.elmoremote.com\/#\/schema\/logo\/image\/","url":"https:\/\/www.elmoremote.com\/wp-content\/uploads\/2023\/03\/elmo-icon.png","contentUrl":"https:\/\/www.elmoremote.com\/wp-content\/uploads\/2023\/03\/elmo-icon.png","width":400,"height":400,"caption":"Elmo Rent"},"image":{"@id":"https:\/\/www.elmoremote.com\/#\/schema\/logo\/image\/"},"sameAs":["https:\/\/twitter.com\/ElmoRemote"]}]}},"_links":{"self":[{"href":"https:\/\/www.elmoremote.com\/fr\/wp-json\/wp\/v2\/pages\/256"}],"collection":[{"href":"https:\/\/www.elmoremote.com\/fr\/wp-json\/wp\/v2\/pages"}],"about":[{"href":"https:\/\/www.elmoremote.com\/fr\/wp-json\/wp\/v2\/types\/page"}],"author":[{"embeddable":true,"href":"https:\/\/www.elmoremote.com\/fr\/wp-json\/wp\/v2\/users\/2"}],"replies":[{"embeddable":true,"href":"https:\/\/www.elmoremote.com\/fr\/wp-json\/wp\/v2\/comments?post=256"}],"version-history":[{"count":2,"href":"https:\/\/www.elmoremote.com\/fr\/wp-json\/wp\/v2\/pages\/256\/revisions"}],"predecessor-version":[{"id":1697,"href":"https:\/\/www.elmoremote.com\/fr\/wp-json\/wp\/v2\/pages\/256\/revisions\/1697"}],"wp:attachment":[{"href":"https:\/\/www.elmoremote.com\/fr\/wp-json\/wp\/v2\/media?parent=256"}],"wp:term":[{"taxonomy":"category","embeddable":true,"href":"https:\/\/www.elmoremote.com\/fr\/wp-json\/wp\/v2\/categories?post=256"}],"curies":[{"name":"wp","href":"https:\/\/api.w.org\/{rel}","templated":true}]}}