{"id":266,"date":"2023-03-15T14:12:57","date_gmt":"2023-03-15T14:12:57","guid":{"rendered":"https:\/\/www.elmoremote.com\/v2\/?page_id=266"},"modified":"2025-09-09T09:49:33","modified_gmt":"2025-09-09T09:49:33","slug":"privaatsuspoliitika","status":"publish","type":"page","link":"https:\/\/www.elmoremote.com\/et\/privaatsuspoliitika\/","title":{"rendered":"Privaatsuspoliitika"},"content":{"rendered":"\n<p>Elmo (&#8220;meie&#8221;, &#8220;meie&#8221;, &#8220;meie&#8221;) on p\u00fchendunud teie isikuandmete privaatsuse ja turvalisuse kaitsele. See Privaatsuspoliitika selgitab, kuidas me kogume, kasutame ja avaldame teie isikuandmeid, kui kasutate meie veebisaiti ja teenuseid.<\/p>\n\n\n\n<div style=\"height:20px\" aria-hidden=\"true\" class=\"wp-block-spacer\"><\/div>\n\n\n\n<h3>Teave, mida me kogume<\/h3>\n\n\n\n<p>V\u00f5ime koguda isikuandmeid, kui kasutate meie veebisaiti ja teenuseid, sealhulgas:<\/p>\n\n\n\n<p>Kontaktandmed, nagu teie nimi, e-posti aadress ja telefoninumber Arveldusteave, nagu teie arveldus- ja makseteave Teave teie s\u00f5idukirendi ajaloo ja eelistuste kohta Asukoha teave, kui lubate meil juurdep\u00e4\u00e4su oma seadme asukohale V\u00f5ime koguda ka mitteisiklikku teavet, n\u00e4iteks teavet teie seadme, veebibrauseri ja meie veebisaidi kasutamise kohta.<\/p>\n\n\n\n<div style=\"height:20px\" aria-hidden=\"true\" class=\"wp-block-spacer\"><\/div>\n\n\n\n<h3>Kuidas me teie teavet kasutame<\/h3>\n\n\n\n<p>V\u00f5ime kasutada teie isikuandmeid j\u00e4rgmistel eesm\u00e4rkidel:<\/p>\n\n\n\n<p>Teenuste pakkumiseks ja parandamiseks Teie s\u00f5idukirendi broneerimiste ja maksete t\u00f6\u00f6tlemiseks Teiega suhtlemiseks teie broneeringute ja meie teenuste kohta Teie kogemuse isikup\u00e4rastamiseks meie veebisaidil \u00d5iguslike kohustuste t\u00e4itmiseks V\u00f5ime kasutada teie isikuandmeid ka turunduseesm\u00e4rkidel teie n\u00f5usolekul.<\/p>\n\n\n\n<div style=\"height:20px\" aria-hidden=\"true\" class=\"wp-block-spacer\"><\/div>\n\n\n\n<h3>Teie teabe jagamine<\/h3>\n\n\n\n<p>V\u00f5ime jagada teie isikuandmeid kolmandate osapooltega j\u00e4rgmistel juhtudel:<\/p>\n\n\n\n<p>Teie s\u00f5idukirendi broneerimiste ja maksete t\u00f6\u00f6tlemiseks Klienditoe teenuste pakkumiseks \u00d5iguslike kohustuste t\u00e4itmiseks Teie n\u00f5usolekul V\u00f5ime jagada ka teie mitteisiklikku teavet kolmandate osapooltega anal\u00fc\u00fctika ja reklaamimise eesm\u00e4rgil.<\/p>\n\n\n\n<div style=\"height:20px\" aria-hidden=\"true\" class=\"wp-block-spacer\"><\/div>\n\n\n\n<h3>Teie \u00f5igused<\/h3>\n\n\n\n<p>Teil on \u00f5igus juurdep\u00e4\u00e4sule, parandamisele ja kustutamisele oma isikuandmetele. Samuti v\u00f5ite vastuv\u00e4ite esitada oma isikuandmete t\u00f6\u00f6tlemisele ja paluda meil piirata v\u00f5i edastada teie isikuandmed. Nende \u00f5iguste kasutamiseks v\u00f5tke meiega \u00fchendust allpool toodud teabe abil.<\/p>\n\n\n\n<div style=\"height:20px\" aria-hidden=\"true\" class=\"wp-block-spacer\"><\/div>\n\n\n\n<h3>Turvalisus<\/h3>\n\n\n\n<p>Me v\u00f5tame m\u00f5istlikke meetmeid teie isikuandmete kaitsmiseks volitamata juurdep\u00e4\u00e4su, kasutamise ja avalikustamise eest. Siiski pole \u00fckski turvameede veekindel ja me ei saa teie isikuandmete turvalisust tagada.<\/p>\n\n\n\n<div style=\"height:20px\" aria-hidden=\"true\" class=\"wp-block-spacer\"><\/div>\n\n\n\n<h3>Muudatused selle poliitika osas<\/h3>\n\n\n\n<p>V\u00f5ime aeg-ajalt seda privaatsuspoliitikat uuendada. Uuendatud poliitika postitatakse meie veebisaidile koos j\u00f5ustumise kuup\u00e4evaga.<\/p>\n\n\n\n<div style=\"height:20px\" aria-hidden=\"true\" class=\"wp-block-spacer\"><\/div>\n\n\n\n<h3>V\u00f5tke meiega \u00fchendust<\/h3>\n\n\n\n<p>Kui teil on k\u00fcsimusi v\u00f5i muret meie privaatsuspoliitika v\u00f5i teie isikuandmete kasutamise kohta, v\u00f5tke meiega \u00fchendust aadressil <a href=\"mailto:info@elmorent.com\">info@elmoremote.com<\/a>.<\/p>\n","protected":false},"excerpt":{"rendered":"<p>Elmo (&#8220;meie&#8221;, &#8220;meie&#8221;, &#8220;meie&#8221;) on p\u00fchendunud teie isikuandmete privaatsuse ja turvalisuse kaitsele. See Privaatsuspoliitika selgitab, kuidas me kogume, kasutame ja avaldame teie isikuandmeid, kui kasutate meie veebisaiti ja teenuseid. Teave, mida me kogume V\u00f5ime koguda isikuandmeid, kui kasutate meie veebisaiti ja teenuseid, sealhulgas: Kontaktandmed, nagu teie nimi, e-posti aadress ja telefoninumber Arveldusteave, nagu teie arveldus-&#8230;  <a class=\"excerpt-read-more\" href=\"https:\/\/www.elmoremote.com\/et\/privaatsuspoliitika\/\" title=\"Read Privaatsuspoliitika\">Read more &raquo;<\/a><\/p>\n","protected":false},"author":2,"featured_media":0,"parent":0,"menu_order":0,"comment_status":"closed","ping_status":"closed","template":"","meta":{"inline_featured_image":false},"categories":[],"acf":[],"yoast_head":"<!-- This site is optimized with the Yoast SEO plugin v20.3 - https:\/\/yoast.com\/wordpress\/plugins\/seo\/ -->\n<title>Privaatsuspoliitika &ndash; Elmo<\/title>\n<meta name=\"robots\" content=\"index, follow, max-snippet:-1, max-image-preview:large, max-video-preview:-1\" \/>\n<link rel=\"canonical\" href=\"https:\/\/www.elmoremote.com\/et\/privaatsuspoliitika\/\" \/>\n<meta property=\"og:locale\" content=\"et_EE\" \/>\n<meta property=\"og:type\" content=\"article\" \/>\n<meta property=\"og:title\" content=\"Privaatsuspoliitika &ndash; Elmo\" \/>\n<meta property=\"og:description\" content=\"Elmo (&#8220;meie&#8221;, &#8220;meie&#8221;, &#8220;meie&#8221;) on p\u00fchendunud teie isikuandmete privaatsuse ja turvalisuse kaitsele. See Privaatsuspoliitika selgitab, kuidas me kogume, kasutame ja avaldame teie isikuandmeid, kui kasutate meie veebisaiti ja teenuseid. Teave, mida me kogume V\u00f5ime koguda isikuandmeid, kui kasutate meie veebisaiti ja teenuseid, sealhulgas: Kontaktandmed, nagu teie nimi, e-posti aadress ja telefoninumber Arveldusteave, nagu teie arveldus-... Read more &raquo;\" \/>\n<meta property=\"og:url\" content=\"https:\/\/www.elmoremote.com\/et\/privaatsuspoliitika\/\" \/>\n<meta property=\"og:site_name\" content=\"Elmo\" \/>\n<meta property=\"article:modified_time\" content=\"2025-09-09T09:49:33+00:00\" \/>\n<meta property=\"og:image\" content=\"https:\/\/www.elmoremote.com\/wp-content\/uploads\/2023\/04\/opengraph-elmoremote.jpg\" \/>\n\t<meta property=\"og:image:width\" content=\"1200\" \/>\n\t<meta property=\"og:image:height\" content=\"675\" \/>\n\t<meta property=\"og:image:type\" content=\"image\/jpeg\" \/>\n<meta name=\"twitter:card\" content=\"summary_large_image\" \/>\n<meta name=\"twitter:site\" content=\"@ElmoRemote\" \/>\n<meta name=\"twitter:label1\" content=\"Est. reading time\" \/>\n\t<meta name=\"twitter:data1\" content=\"2 minutit\" \/>\n<script type=\"application\/ld+json\" class=\"yoast-schema-graph\">{\"@context\":\"https:\/\/schema.org\",\"@graph\":[{\"@type\":\"WebPage\",\"@id\":\"https:\/\/www.elmoremote.com\/et\/privaatsuspoliitika\/\",\"url\":\"https:\/\/www.elmoremote.com\/et\/privaatsuspoliitika\/\",\"name\":\"Privaatsuspoliitika &ndash; Elmo\",\"isPartOf\":{\"@id\":\"https:\/\/www.elmoremote.com\/#website\"},\"datePublished\":\"2023-03-15T14:12:57+00:00\",\"dateModified\":\"2025-09-09T09:49:33+00:00\",\"breadcrumb\":{\"@id\":\"https:\/\/www.elmoremote.com\/et\/privaatsuspoliitika\/#breadcrumb\"},\"inLanguage\":\"et\",\"potentialAction\":[{\"@type\":\"ReadAction\",\"target\":[\"https:\/\/www.elmoremote.com\/et\/privaatsuspoliitika\/\"]}]},{\"@type\":\"BreadcrumbList\",\"@id\":\"https:\/\/www.elmoremote.com\/et\/privaatsuspoliitika\/#breadcrumb\",\"itemListElement\":[{\"@type\":\"ListItem\",\"position\":1,\"name\":\"Home\",\"item\":\"https:\/\/www.elmoremote.com\/et\/home-page\/\"},{\"@type\":\"ListItem\",\"position\":2,\"name\":\"Privaatsuspoliitika\"}]},{\"@type\":\"WebSite\",\"@id\":\"https:\/\/www.elmoremote.com\/#website\",\"url\":\"https:\/\/www.elmoremote.com\/\",\"name\":\"Elmo\",\"description\":\"Road-legal remote technology for cars\",\"publisher\":{\"@id\":\"https:\/\/www.elmoremote.com\/#organization\"},\"potentialAction\":[{\"@type\":\"SearchAction\",\"target\":{\"@type\":\"EntryPoint\",\"urlTemplate\":\"https:\/\/www.elmoremote.com\/?s={search_term_string}\"},\"query-input\":\"required name=search_term_string\"}],\"inLanguage\":\"et\"},{\"@type\":\"Organization\",\"@id\":\"https:\/\/www.elmoremote.com\/#organization\",\"name\":\"Elmo Rent\",\"url\":\"https:\/\/www.elmoremote.com\/\",\"logo\":{\"@type\":\"ImageObject\",\"inLanguage\":\"et\",\"@id\":\"https:\/\/www.elmoremote.com\/#\/schema\/logo\/image\/\",\"url\":\"https:\/\/www.elmoremote.com\/wp-content\/uploads\/2023\/03\/elmo-icon.png\",\"contentUrl\":\"https:\/\/www.elmoremote.com\/wp-content\/uploads\/2023\/03\/elmo-icon.png\",\"width\":400,\"height\":400,\"caption\":\"Elmo Rent\"},\"image\":{\"@id\":\"https:\/\/www.elmoremote.com\/#\/schema\/logo\/image\/\"},\"sameAs\":[\"https:\/\/twitter.com\/ElmoRemote\"]}]}<\/script>\n<!-- \/ Yoast SEO plugin. -->","yoast_head_json":{"title":"Privaatsuspoliitika &ndash; Elmo","robots":{"index":"index","follow":"follow","max-snippet":"max-snippet:-1","max-image-preview":"max-image-preview:large","max-video-preview":"max-video-preview:-1"},"canonical":"https:\/\/www.elmoremote.com\/et\/privaatsuspoliitika\/","og_locale":"et_EE","og_type":"article","og_title":"Privaatsuspoliitika &ndash; Elmo","og_description":"Elmo (&#8220;meie&#8221;, &#8220;meie&#8221;, &#8220;meie&#8221;) on p\u00fchendunud teie isikuandmete privaatsuse ja turvalisuse kaitsele. See Privaatsuspoliitika selgitab, kuidas me kogume, kasutame ja avaldame teie isikuandmeid, kui kasutate meie veebisaiti ja teenuseid. Teave, mida me kogume V\u00f5ime koguda isikuandmeid, kui kasutate meie veebisaiti ja teenuseid, sealhulgas: Kontaktandmed, nagu teie nimi, e-posti aadress ja telefoninumber Arveldusteave, nagu teie arveldus-... Read more &raquo;","og_url":"https:\/\/www.elmoremote.com\/et\/privaatsuspoliitika\/","og_site_name":"Elmo","article_modified_time":"2025-09-09T09:49:33+00:00","og_image":[{"width":1200,"height":675,"url":"https:\/\/www.elmoremote.com\/wp-content\/uploads\/2023\/04\/opengraph-elmoremote.jpg","type":"image\/jpeg"}],"twitter_card":"summary_large_image","twitter_site":"@ElmoRemote","twitter_misc":{"Est. reading time":"2 minutit"},"schema":{"@context":"https:\/\/schema.org","@graph":[{"@type":"WebPage","@id":"https:\/\/www.elmoremote.com\/et\/privaatsuspoliitika\/","url":"https:\/\/www.elmoremote.com\/et\/privaatsuspoliitika\/","name":"Privaatsuspoliitika &ndash; Elmo","isPartOf":{"@id":"https:\/\/www.elmoremote.com\/#website"},"datePublished":"2023-03-15T14:12:57+00:00","dateModified":"2025-09-09T09:49:33+00:00","breadcrumb":{"@id":"https:\/\/www.elmoremote.com\/et\/privaatsuspoliitika\/#breadcrumb"},"inLanguage":"et","potentialAction":[{"@type":"ReadAction","target":["https:\/\/www.elmoremote.com\/et\/privaatsuspoliitika\/"]}]},{"@type":"BreadcrumbList","@id":"https:\/\/www.elmoremote.com\/et\/privaatsuspoliitika\/#breadcrumb","itemListElement":[{"@type":"ListItem","position":1,"name":"Home","item":"https:\/\/www.elmoremote.com\/et\/home-page\/"},{"@type":"ListItem","position":2,"name":"Privaatsuspoliitika"}]},{"@type":"WebSite","@id":"https:\/\/www.elmoremote.com\/#website","url":"https:\/\/www.elmoremote.com\/","name":"Elmo","description":"Road-legal remote technology for cars","publisher":{"@id":"https:\/\/www.elmoremote.com\/#organization"},"potentialAction":[{"@type":"SearchAction","target":{"@type":"EntryPoint","urlTemplate":"https:\/\/www.elmoremote.com\/?s={search_term_string}"},"query-input":"required name=search_term_string"}],"inLanguage":"et"},{"@type":"Organization","@id":"https:\/\/www.elmoremote.com\/#organization","name":"Elmo Rent","url":"https:\/\/www.elmoremote.com\/","logo":{"@type":"ImageObject","inLanguage":"et","@id":"https:\/\/www.elmoremote.com\/#\/schema\/logo\/image\/","url":"https:\/\/www.elmoremote.com\/wp-content\/uploads\/2023\/03\/elmo-icon.png","contentUrl":"https:\/\/www.elmoremote.com\/wp-content\/uploads\/2023\/03\/elmo-icon.png","width":400,"height":400,"caption":"Elmo Rent"},"image":{"@id":"https:\/\/www.elmoremote.com\/#\/schema\/logo\/image\/"},"sameAs":["https:\/\/twitter.com\/ElmoRemote"]}]}},"_links":{"self":[{"href":"https:\/\/www.elmoremote.com\/et\/wp-json\/wp\/v2\/pages\/266"}],"collection":[{"href":"https:\/\/www.elmoremote.com\/et\/wp-json\/wp\/v2\/pages"}],"about":[{"href":"https:\/\/www.elmoremote.com\/et\/wp-json\/wp\/v2\/types\/page"}],"author":[{"embeddable":true,"href":"https:\/\/www.elmoremote.com\/et\/wp-json\/wp\/v2\/users\/2"}],"replies":[{"embeddable":true,"href":"https:\/\/www.elmoremote.com\/et\/wp-json\/wp\/v2\/comments?post=266"}],"version-history":[{"count":2,"href":"https:\/\/www.elmoremote.com\/et\/wp-json\/wp\/v2\/pages\/266\/revisions"}],"predecessor-version":[{"id":1696,"href":"https:\/\/www.elmoremote.com\/et\/wp-json\/wp\/v2\/pages\/266\/revisions\/1696"}],"wp:attachment":[{"href":"https:\/\/www.elmoremote.com\/et\/wp-json\/wp\/v2\/media?parent=266"}],"wp:term":[{"taxonomy":"category","embeddable":true,"href":"https:\/\/www.elmoremote.com\/et\/wp-json\/wp\/v2\/categories?post=266"}],"curies":[{"name":"wp","href":"https:\/\/api.w.org\/{rel}","templated":true}]}}