{"id":142,"date":"2023-03-14T14:31:42","date_gmt":"2023-03-14T14:31:42","guid":{"rendered":"https:\/\/www.elmoremote.com\/v2\/?page_id=142"},"modified":"2023-03-16T07:56:06","modified_gmt":"2023-03-16T07:56:06","slug":"kontaktivorm","status":"publish","type":"page","link":"https:\/\/www.elmoremote.com\/et\/kontaktivorm\/","title":{"rendered":"V\u00f5ta \u00fchendust ja vaata, kuidas meie tehnoloogia t\u00f6\u00f6tab"},"content":{"rendered":"<noscript class=\"ninja-forms-noscript-message\">\n\tNotice: JavaScript is required for this content.<\/noscript>\n<div id=\"nf-form-3-cont\" class=\"nf-form-cont\" aria-live=\"polite\" aria-labelledby=\"nf-form-title-3\" aria-describedby=\"nf-form-errors-3\" role=\"form\">\n\n    <div class=\"nf-loading-spinner\"><\/div>\n\n<\/div>\n        <!-- TODO: Move to Template File. -->\n        <script>var formDisplay=1;var nfForms=nfForms||[];var form=[];form.id='3';form.settings={\"objectType\":\"Form Setting\",\"editActive\":true,\"title\":\"Request a demo - EST\",\"created_at\":\"2023-03-14 16:28:17\",\"default_label_pos\":\"hidden\",\"show_title\":\"0\",\"clear_complete\":\"1\",\"hide_complete\":\"1\",\"logged_in\":\"\",\"wrapper_class\":\"\",\"element_class\":\"\",\"form_title_heading_level\":\"3\",\"key\":\"\",\"add_submit\":\"1\",\"currency\":\"\",\"unique_field_error\":\"A form with this value has already been submitted.\",\"not_logged_in_msg\":\"\",\"sub_limit_msg\":\"The form has reached its submission limit.\",\"calculations\":[],\"formContentData\":[\"ettevotte_nimi_1678804140886\",\"eesnimi_perenimi_1678804169449\",\"email_1678473213047\",\"telefon_1678804179017\",\"sonum_1678804190168\",\"saada_1678804207129\"],\"changeEmailErrorMsg\":\"Please enter a valid email address!\",\"changeDateErrorMsg\":\"Please enter a valid date!\",\"confirmFieldErrorMsg\":\"These fields must match!\",\"fieldNumberNumMinError\":\"Number Min Error\",\"fieldNumberNumMaxError\":\"Number Max Error\",\"fieldNumberIncrementBy\":\"Please increment by \",\"formErrorsCorrectErrors\":\"Please correct errors before submitting this form.\",\"validateRequiredField\":\"This is a required field.\",\"honeypotHoneypotError\":\"Honeypot Error\",\"fieldsMarkedRequired\":\"Fields marked with an <span class=\\\"ninja-forms-req-symbol\\\">*<\\\/span> are required\",\"drawerDisabled\":false,\"allow_public_link\":0,\"embed_form\":\"\",\"ninjaForms\":\"Ninja Forms\",\"fieldTextareaRTEInsertLink\":\"Insert Link\",\"fieldTextareaRTEInsertMedia\":\"Insert Media\",\"fieldTextareaRTESelectAFile\":\"Select a file\",\"formHoneypot\":\"If you are a human seeing this field, please leave it empty.\",\"fileUploadOldCodeFileUploadInProgress\":\"File Upload in Progress.\",\"fileUploadOldCodeFileUpload\":\"FILE UPLOAD\",\"currencySymbol\":\"&#36;\",\"thousands_sep\":\",\",\"decimal_point\":\".\",\"siteLocale\":\"et\",\"dateFormat\":\"m\\\/d\\\/Y\",\"startOfWeek\":\"1\",\"of\":\"of\",\"previousMonth\":\"Previous Month\",\"nextMonth\":\"Next Month\",\"months\":[\"January\",\"February\",\"March\",\"April\",\"May\",\"June\",\"July\",\"August\",\"September\",\"October\",\"November\",\"December\"],\"monthsShort\":[\"Jan\",\"Feb\",\"Mar\",\"Apr\",\"May\",\"Jun\",\"Jul\",\"Aug\",\"Sep\",\"Oct\",\"Nov\",\"Dec\"],\"weekdays\":[\"Sunday\",\"Monday\",\"Tuesday\",\"Wednesday\",\"Thursday\",\"Friday\",\"Saturday\"],\"weekdaysShort\":[\"Sun\",\"Mon\",\"Tue\",\"Wed\",\"Thu\",\"Fri\",\"Sat\"],\"weekdaysMin\":[\"Su\",\"Mo\",\"Tu\",\"We\",\"Th\",\"Fr\",\"Sa\"],\"recaptchaConsentMissing\":\"reCapctha validation couldn&#039;t load.\",\"recaptchaMissingCookie\":\"reCaptcha v3 validation couldn&#039;t load the cookie needed to submit the form.\",\"recaptchaConsentEvent\":\"Accept reCaptcha cookies before sending the form.\",\"currency_symbol\":\"\",\"beforeForm\":\"\",\"beforeFields\":\"\",\"afterFields\":\"\",\"afterForm\":\"\"};form.fields=[{\"objectType\":\"Field\",\"objectDomain\":\"fields\",\"editActive\":false,\"order\":1,\"idAttribute\":\"id\",\"type\":\"textbox\",\"label\":\"Ettev\\u00f5tte nimi\",\"key\":\"ettevotte_nimi_1678804140886\",\"label_pos\":\"hidden\",\"required\":\"\",\"default\":\"\",\"placeholder\":\"Ettev\\u00f5tte nimi\",\"container_class\":\"floating\",\"element_class\":\"\",\"input_limit\":\"\",\"input_limit_type\":\"characters\",\"input_limit_msg\":\"Character(s) left\",\"manual_key\":\"\",\"admin_label\":\"\",\"help_text\":\"\",\"mask\":\"\",\"custom_mask\":\"\",\"custom_name_attribute\":\"\",\"personally_identifiable\":\"\",\"value\":\"\",\"drawerDisabled\":false,\"field_label\":\"Company name\",\"field_key\":\"company_name_1678473175011\",\"id\":11,\"beforeField\":\"\",\"afterField\":\"\",\"parentType\":\"textbox\",\"element_templates\":[\"textbox\",\"input\"],\"old_classname\":\"\",\"wrap_template\":\"wrap\"},{\"objectType\":\"Field\",\"objectDomain\":\"fields\",\"editActive\":false,\"order\":2,\"idAttribute\":\"id\",\"type\":\"textbox\",\"label\":\"Eesnimi, Perenimi *\",\"key\":\"eesnimi_perenimi_1678804169449\",\"label_pos\":\"hidden\",\"required\":1,\"default\":\"\",\"placeholder\":\"Eesnimi, Perenimi *\",\"container_class\":\"\",\"element_class\":\"\",\"input_limit\":\"\",\"input_limit_type\":\"characters\",\"input_limit_msg\":\"Character(s) left\",\"manual_key\":\"\",\"admin_label\":\"\",\"help_text\":\"\",\"mask\":\"\",\"custom_mask\":\"\",\"custom_name_attribute\":\"\",\"personally_identifiable\":\"\",\"value\":\"\",\"drawerDisabled\":false,\"field_label\":\"Full name\",\"field_key\":\"full_name_1678473192998\",\"id\":12,\"beforeField\":\"\",\"afterField\":\"\",\"parentType\":\"textbox\",\"element_templates\":[\"textbox\",\"input\"],\"old_classname\":\"\",\"wrap_template\":\"wrap\"},{\"objectType\":\"Field\",\"objectDomain\":\"fields\",\"editActive\":false,\"order\":3,\"idAttribute\":\"id\",\"type\":\"email\",\"label\":\"Email\",\"key\":\"email_1678473213047\",\"label_pos\":\"hidden\",\"required\":1,\"default\":\"\",\"placeholder\":\"Email *\",\"container_class\":\"\",\"element_class\":\"\",\"admin_label\":\"\",\"help_text\":\"\",\"custom_name_attribute\":\"email\",\"personally_identifiable\":1,\"value\":\"\",\"drawerDisabled\":false,\"field_label\":\"Email\",\"field_key\":\"email_1678473213047\",\"id\":13,\"beforeField\":\"\",\"afterField\":\"\",\"parentType\":\"email\",\"element_templates\":[\"email\",\"input\"],\"old_classname\":\"\",\"wrap_template\":\"wrap\"},{\"objectType\":\"Field\",\"objectDomain\":\"fields\",\"editActive\":false,\"order\":4,\"idAttribute\":\"id\",\"type\":\"phone\",\"label\":\"Telefon\",\"key\":\"telefon_1678804179017\",\"label_pos\":\"hidden\",\"required\":0,\"default\":\"\",\"placeholder\":\"Telefon\",\"container_class\":\"\",\"element_class\":\"\",\"input_limit\":\"\",\"input_limit_type\":\"characters\",\"input_limit_msg\":\"Character(s) left\",\"manual_key\":\"\",\"admin_label\":\"\",\"help_text\":\"\",\"mask\":\"\",\"custom_mask\":\"\",\"custom_name_attribute\":\"phone\",\"personally_identifiable\":1,\"value\":\"\",\"drawerDisabled\":false,\"field_label\":\"Phone\",\"field_key\":\"phone_1678473220994\",\"id\":14,\"beforeField\":\"\",\"afterField\":\"\",\"parentType\":\"textbox\",\"element_templates\":[\"tel\",\"textbox\",\"input\"],\"old_classname\":\"\",\"wrap_template\":\"wrap\"},{\"objectType\":\"Field\",\"objectDomain\":\"fields\",\"editActive\":false,\"order\":999,\"idAttribute\":\"id\",\"type\":\"textarea\",\"label\":\"S\\u00f5num *\",\"key\":\"sonum_1678804190168\",\"label_pos\":\"hidden\",\"required\":1,\"default\":\"\",\"placeholder\":\"S\\u00f5num *\",\"container_class\":\"\",\"element_class\":\"\",\"input_limit\":\"\",\"input_limit_type\":\"characters\",\"input_limit_msg\":\"Character(s) left\",\"manual_key\":\"\",\"admin_label\":\"\",\"help_text\":\"\",\"textarea_rte\":\"\",\"disable_rte_mobile\":\"\",\"textarea_media\":\"\",\"value\":\"\",\"drawerDisabled\":false,\"field_label\":\"Message\",\"field_key\":\"message_1678473275170\",\"id\":15,\"beforeField\":\"\",\"afterField\":\"\",\"parentType\":\"textarea\",\"element_templates\":[\"textarea\",\"input\"],\"old_classname\":\"\",\"wrap_template\":\"wrap\"},{\"objectType\":\"Field\",\"objectDomain\":\"fields\",\"editActive\":false,\"order\":9999,\"idAttribute\":\"id\",\"type\":\"submit\",\"label\":\"Saada\",\"processing_label\":\"Processing\",\"container_class\":\"\",\"element_class\":\"c-btn c-btn--primary c-btn--wide\",\"key\":\"saada_1678804207129\",\"drawerDisabled\":false,\"field_label\":\"Submit\",\"field_key\":\"submit_1678473304728\",\"id\":16,\"beforeField\":\"\",\"afterField\":\"\",\"value\":\"\",\"label_pos\":\"hidden\",\"parentType\":\"textbox\",\"element_templates\":[\"submit\",\"button\",\"input\"],\"old_classname\":\"\",\"wrap_template\":\"wrap-no-label\"}];nfForms.push(form);<\/script>\n        ","protected":false},"excerpt":{"rendered":"","protected":false},"author":2,"featured_media":0,"parent":0,"menu_order":0,"comment_status":"closed","ping_status":"closed","template":"page-templates\/page-contact.php","meta":{"inline_featured_image":false},"categories":[],"acf":[],"yoast_head":"<!-- This site is optimized with the Yoast SEO plugin v20.3 - https:\/\/yoast.com\/wordpress\/plugins\/seo\/ -->\n<title>V\u00f5ta \u00fchendust ja vaata, kuidas meie tehnoloogia t\u00f6\u00f6tab &ndash; Elmo<\/title>\n<meta name=\"robots\" content=\"index, follow, max-snippet:-1, max-image-preview:large, max-video-preview:-1\" \/>\n<link rel=\"canonical\" href=\"https:\/\/www.elmoremote.com\/et\/kontaktivorm\/\" \/>\n<meta property=\"og:locale\" content=\"et_EE\" \/>\n<meta property=\"og:type\" content=\"article\" \/>\n<meta property=\"og:title\" content=\"V\u00f5ta \u00fchendust ja vaata, kuidas meie tehnoloogia t\u00f6\u00f6tab &ndash; Elmo\" \/>\n<meta property=\"og:url\" content=\"https:\/\/www.elmoremote.com\/et\/kontaktivorm\/\" \/>\n<meta property=\"og:site_name\" content=\"Elmo\" \/>\n<meta property=\"article:modified_time\" content=\"2023-03-16T07:56:06+00:00\" \/>\n<meta property=\"og:image\" content=\"https:\/\/www.elmoremote.com\/wp-content\/uploads\/2023\/04\/opengraph-elmoremote.jpg\" \/>\n\t<meta property=\"og:image:width\" content=\"1200\" \/>\n\t<meta property=\"og:image:height\" content=\"675\" \/>\n\t<meta property=\"og:image:type\" content=\"image\/jpeg\" \/>\n<meta name=\"twitter:card\" content=\"summary_large_image\" \/>\n<meta name=\"twitter:site\" content=\"@ElmoRemote\" \/>\n<script type=\"application\/ld+json\" class=\"yoast-schema-graph\">{\"@context\":\"https:\/\/schema.org\",\"@graph\":[{\"@type\":\"WebPage\",\"@id\":\"https:\/\/www.elmoremote.com\/et\/kontaktivorm\/\",\"url\":\"https:\/\/www.elmoremote.com\/et\/kontaktivorm\/\",\"name\":\"V\u00f5ta \u00fchendust ja vaata, kuidas meie tehnoloogia t\u00f6\u00f6tab &ndash; Elmo\",\"isPartOf\":{\"@id\":\"https:\/\/www.elmoremote.com\/#website\"},\"datePublished\":\"2023-03-14T14:31:42+00:00\",\"dateModified\":\"2023-03-16T07:56:06+00:00\",\"breadcrumb\":{\"@id\":\"https:\/\/www.elmoremote.com\/et\/kontaktivorm\/#breadcrumb\"},\"inLanguage\":\"et\",\"potentialAction\":[{\"@type\":\"ReadAction\",\"target\":[\"https:\/\/www.elmoremote.com\/et\/kontaktivorm\/\"]}]},{\"@type\":\"BreadcrumbList\",\"@id\":\"https:\/\/www.elmoremote.com\/et\/kontaktivorm\/#breadcrumb\",\"itemListElement\":[{\"@type\":\"ListItem\",\"position\":1,\"name\":\"Home\",\"item\":\"https:\/\/www.elmoremote.com\/et\/home-page\/\"},{\"@type\":\"ListItem\",\"position\":2,\"name\":\"V\u00f5ta \u00fchendust ja vaata, kuidas meie tehnoloogia t\u00f6\u00f6tab\"}]},{\"@type\":\"WebSite\",\"@id\":\"https:\/\/www.elmoremote.com\/#website\",\"url\":\"https:\/\/www.elmoremote.com\/\",\"name\":\"Elmo\",\"description\":\"Road-legal remote technology for cars\",\"publisher\":{\"@id\":\"https:\/\/www.elmoremote.com\/#organization\"},\"potentialAction\":[{\"@type\":\"SearchAction\",\"target\":{\"@type\":\"EntryPoint\",\"urlTemplate\":\"https:\/\/www.elmoremote.com\/?s={search_term_string}\"},\"query-input\":\"required name=search_term_string\"}],\"inLanguage\":\"et\"},{\"@type\":\"Organization\",\"@id\":\"https:\/\/www.elmoremote.com\/#organization\",\"name\":\"Elmo Rent\",\"url\":\"https:\/\/www.elmoremote.com\/\",\"logo\":{\"@type\":\"ImageObject\",\"inLanguage\":\"et\",\"@id\":\"https:\/\/www.elmoremote.com\/#\/schema\/logo\/image\/\",\"url\":\"https:\/\/www.elmoremote.com\/wp-content\/uploads\/2023\/03\/elmo-icon.png\",\"contentUrl\":\"https:\/\/www.elmoremote.com\/wp-content\/uploads\/2023\/03\/elmo-icon.png\",\"width\":400,\"height\":400,\"caption\":\"Elmo Rent\"},\"image\":{\"@id\":\"https:\/\/www.elmoremote.com\/#\/schema\/logo\/image\/\"},\"sameAs\":[\"https:\/\/twitter.com\/ElmoRemote\"]}]}<\/script>\n<!-- \/ Yoast SEO plugin. -->","yoast_head_json":{"title":"V\u00f5ta \u00fchendust ja vaata, kuidas meie tehnoloogia t\u00f6\u00f6tab &ndash; Elmo","robots":{"index":"index","follow":"follow","max-snippet":"max-snippet:-1","max-image-preview":"max-image-preview:large","max-video-preview":"max-video-preview:-1"},"canonical":"https:\/\/www.elmoremote.com\/et\/kontaktivorm\/","og_locale":"et_EE","og_type":"article","og_title":"V\u00f5ta \u00fchendust ja vaata, kuidas meie tehnoloogia t\u00f6\u00f6tab &ndash; Elmo","og_url":"https:\/\/www.elmoremote.com\/et\/kontaktivorm\/","og_site_name":"Elmo","article_modified_time":"2023-03-16T07:56:06+00:00","og_image":[{"width":1200,"height":675,"url":"https:\/\/www.elmoremote.com\/wp-content\/uploads\/2023\/04\/opengraph-elmoremote.jpg","type":"image\/jpeg"}],"twitter_card":"summary_large_image","twitter_site":"@ElmoRemote","schema":{"@context":"https:\/\/schema.org","@graph":[{"@type":"WebPage","@id":"https:\/\/www.elmoremote.com\/et\/kontaktivorm\/","url":"https:\/\/www.elmoremote.com\/et\/kontaktivorm\/","name":"V\u00f5ta \u00fchendust ja vaata, kuidas meie tehnoloogia t\u00f6\u00f6tab &ndash; Elmo","isPartOf":{"@id":"https:\/\/www.elmoremote.com\/#website"},"datePublished":"2023-03-14T14:31:42+00:00","dateModified":"2023-03-16T07:56:06+00:00","breadcrumb":{"@id":"https:\/\/www.elmoremote.com\/et\/kontaktivorm\/#breadcrumb"},"inLanguage":"et","potentialAction":[{"@type":"ReadAction","target":["https:\/\/www.elmoremote.com\/et\/kontaktivorm\/"]}]},{"@type":"BreadcrumbList","@id":"https:\/\/www.elmoremote.com\/et\/kontaktivorm\/#breadcrumb","itemListElement":[{"@type":"ListItem","position":1,"name":"Home","item":"https:\/\/www.elmoremote.com\/et\/home-page\/"},{"@type":"ListItem","position":2,"name":"V\u00f5ta \u00fchendust ja vaata, kuidas meie tehnoloogia t\u00f6\u00f6tab"}]},{"@type":"WebSite","@id":"https:\/\/www.elmoremote.com\/#website","url":"https:\/\/www.elmoremote.com\/","name":"Elmo","description":"Road-legal remote technology for cars","publisher":{"@id":"https:\/\/www.elmoremote.com\/#organization"},"potentialAction":[{"@type":"SearchAction","target":{"@type":"EntryPoint","urlTemplate":"https:\/\/www.elmoremote.com\/?s={search_term_string}"},"query-input":"required name=search_term_string"}],"inLanguage":"et"},{"@type":"Organization","@id":"https:\/\/www.elmoremote.com\/#organization","name":"Elmo Rent","url":"https:\/\/www.elmoremote.com\/","logo":{"@type":"ImageObject","inLanguage":"et","@id":"https:\/\/www.elmoremote.com\/#\/schema\/logo\/image\/","url":"https:\/\/www.elmoremote.com\/wp-content\/uploads\/2023\/03\/elmo-icon.png","contentUrl":"https:\/\/www.elmoremote.com\/wp-content\/uploads\/2023\/03\/elmo-icon.png","width":400,"height":400,"caption":"Elmo Rent"},"image":{"@id":"https:\/\/www.elmoremote.com\/#\/schema\/logo\/image\/"},"sameAs":["https:\/\/twitter.com\/ElmoRemote"]}]}},"_links":{"self":[{"href":"https:\/\/www.elmoremote.com\/et\/wp-json\/wp\/v2\/pages\/142"}],"collection":[{"href":"https:\/\/www.elmoremote.com\/et\/wp-json\/wp\/v2\/pages"}],"about":[{"href":"https:\/\/www.elmoremote.com\/et\/wp-json\/wp\/v2\/types\/page"}],"author":[{"embeddable":true,"href":"https:\/\/www.elmoremote.com\/et\/wp-json\/wp\/v2\/users\/2"}],"replies":[{"embeddable":true,"href":"https:\/\/www.elmoremote.com\/et\/wp-json\/wp\/v2\/comments?post=142"}],"version-history":[{"count":3,"href":"https:\/\/www.elmoremote.com\/et\/wp-json\/wp\/v2\/pages\/142\/revisions"}],"predecessor-version":[{"id":273,"href":"https:\/\/www.elmoremote.com\/et\/wp-json\/wp\/v2\/pages\/142\/revisions\/273"}],"wp:attachment":[{"href":"https:\/\/www.elmoremote.com\/et\/wp-json\/wp\/v2\/media?parent=142"}],"wp:term":[{"taxonomy":"category","embeddable":true,"href":"https:\/\/www.elmoremote.com\/et\/wp-json\/wp\/v2\/categories?post=142"}],"curies":[{"name":"wp","href":"https:\/\/api.w.org\/{rel}","templated":true}]}}