{"id":253,"date":"2023-03-15T13:42:17","date_gmt":"2023-03-15T13:42:17","guid":{"rendered":"https:\/\/www.elmoremote.com\/v2\/?page_id=253"},"modified":"2025-09-09T09:50:34","modified_gmt":"2025-09-09T09:50:34","slug":"datenschutzrichtlinie","status":"publish","type":"page","link":"https:\/\/www.elmoremote.com\/de\/datenschutzrichtlinie\/","title":{"rendered":"Datenschutzrichtlinie"},"content":{"rendered":"\n<p>Elmo (&#8222;wir&#8220;, &#8222;uns&#8220;, &#8222;unser&#8220;) verpflichtet sich zum Schutz der Privatsph\u00e4re und Sicherheit Ihrer personenbezogenen Daten. Diese Datenschutzrichtlinie erl\u00e4utert, wie wir Ihre personenbezogenen Daten sammeln, verwenden und offenlegen, wenn Sie unsere Website und Dienste nutzen.<\/p>\n\n\n\n<div style=\"height:20px\" aria-hidden=\"true\" class=\"wp-block-spacer\"><\/div>\n\n\n\n<h3>Daten, die wir sammeln<\/h3>\n\n\n\n<p>Wir k\u00f6nnen personenbezogene Daten sammeln, wenn Sie unsere Website und Dienste nutzen, einschlie\u00dflich:<\/p>\n\n\n\n<ul>\n<li>Kontaktdaten wie Name, E-Mail-Adresse und Telefonnummer<\/li>\n\n\n\n<li>Rechnungsdaten wie Rechnungsadresse und Zahlungsinformationen<\/li>\n\n\n\n<li>Informationen \u00fcber Ihre Fahrzeugmietgeschichte und -pr\u00e4ferenzen<\/li>\n\n\n\n<li>Standortinformationen, wenn Sie uns erlauben, auf den Standort Ihres Ger\u00e4ts zuzugreifen<\/li>\n<\/ul>\n\n\n\n<p>Wir k\u00f6nnen auch nicht personenbezogene Daten wie Informationen \u00fcber Ihr Ger\u00e4t, Ihren Webbrowser und Ihre Nutzung unserer Website sammeln.<\/p>\n\n\n\n<div style=\"height:20px\" aria-hidden=\"true\" class=\"wp-block-spacer\"><\/div>\n\n\n\n<h3>Wie wir Ihre Daten verwenden<\/h3>\n\n\n\n<p>Wir k\u00f6nnen Ihre personenbezogenen Daten f\u00fcr folgende Zwecke verwenden:<\/p>\n\n\n\n<ul>\n<li>Bereitstellung und Verbesserung unserer Dienste<\/li>\n\n\n\n<li>Verarbeitung Ihrer Fahrzeugmietbuchungen und Zahlungen<\/li>\n\n\n\n<li>Kommunikation mit Ihnen \u00fcber Ihre Buchungen und unsere Dienste<\/li>\n\n\n\n<li>Personalisierung Ihres Erlebnisses auf unserer Website<\/li>\n\n\n\n<li>Einhaltung gesetzlicher Verpflichtungen<\/li>\n<\/ul>\n\n\n\n<p>Wir k\u00f6nnen Ihre personenbezogenen Daten auch f\u00fcr Marketingzwecke mit Ihrer Zustimmung verwenden.<\/p>\n\n\n\n<div style=\"height:20px\" aria-hidden=\"true\" class=\"wp-block-spacer\"><\/div>\n\n\n\n<h3>Weitergabe Ihrer Daten<\/h3>\n\n\n\n<p>Wir k\u00f6nnen Ihre personenbezogenen Daten in folgenden F\u00e4llen an Dritte weitergeben:<\/p>\n\n\n\n<ul>\n<li>Verarbeitung Ihrer Fahrzeugmietbuchungen und Zahlungen<\/li>\n\n\n\n<li>Bereitstellung von Kundensupport-Diensten<\/li>\n\n\n\n<li>Einhaltung gesetzlicher Verpflichtungen<\/li>\n\n\n\n<li>Mit Ihrer Zustimmung<\/li>\n<\/ul>\n\n\n\n<p>Wir k\u00f6nnen auch Ihre nicht personenbezogenen Daten f\u00fcr Analyse- und Werbezwecke an Dritte weitergeben.<\/p>\n\n\n\n<div style=\"height:20px\" aria-hidden=\"true\" class=\"wp-block-spacer\"><\/div>\n\n\n\n<h3>Ihre Rechte<\/h3>\n\n\n\n<p>Sie haben das Recht auf Zugang, Berichtigung und L\u00f6schung Ihrer personenbezogenen Daten. Sie k\u00f6nnen auch der Verarbeitung Ihrer personenbezogenen Daten widersprechen und beantragen, dass wir die Verarbeitung einschr\u00e4nken oder Ihre personenbezogenen Daten \u00fcbertragen. Um diese Rechte auszu\u00fcben, kontaktieren Sie uns bitte \u00fcber die unten angegebenen Informationen.<\/p>\n\n\n\n<div style=\"height:20px\" aria-hidden=\"true\" class=\"wp-block-spacer\"><\/div>\n\n\n\n<h3>Sicherheit<\/h3>\n\n\n\n<p>Wir ergreifen angemessene Ma\u00dfnahmen zum Schutz Ihrer personenbezogenen Daten vor unbefugtem Zugriff, Verwendung und Offenlegung. Es gibt jedoch keine absolut sicheren Sicherheitsma\u00dfnahmen, und wir k\u00f6nnen die Sicherheit Ihrer personenbezogenen Daten nicht garantieren.<\/p>\n\n\n\n<div style=\"height:20px\" aria-hidden=\"true\" class=\"wp-block-spacer\"><\/div>\n\n\n\n<h3>\u00c4nderungen an dieser Richtlinie<\/h3>\n\n\n\n<p>Wir k\u00f6nnen diese Datenschutzrichtlinie von Zeit zu Zeit aktualisieren. Die aktualisierte Richtlinie wird auf unserer Website mit dem Wirksamkeitsdatum ver\u00f6ffentlicht.<\/p>\n\n\n\n<div style=\"height:20px\" aria-hidden=\"true\" class=\"wp-block-spacer\"><\/div>\n\n\n\n<h3>Kontakt<\/h3>\n\n\n\n<p>Wenn Sie Fragen oder Bedenken zu unserer Datenschutzrichtlinie oder unserer Verwendung Ihrer personenbezogenen Daten haben, kontaktieren Sie uns bitte unter <a href=\"mailto:info@elmorent.com\">info@elmoremote.com<\/a>.<\/p>\n","protected":false},"excerpt":{"rendered":"<p>Elmo (&#8222;wir&#8220;, &#8222;uns&#8220;, &#8222;unser&#8220;) verpflichtet sich zum Schutz der Privatsph\u00e4re und Sicherheit Ihrer personenbezogenen Daten. Diese Datenschutzrichtlinie erl\u00e4utert, wie wir Ihre personenbezogenen Daten sammeln, verwenden und offenlegen, wenn Sie unsere Website und Dienste nutzen. Daten, die wir sammeln Wir k\u00f6nnen personenbezogene Daten sammeln, wenn Sie unsere Website und Dienste nutzen, einschlie\u00dflich: Wir k\u00f6nnen auch nicht&#8230;  <a class=\"excerpt-read-more\" href=\"https:\/\/www.elmoremote.com\/de\/datenschutzrichtlinie\/\" title=\"Read Datenschutzrichtlinie\">Read more &raquo;<\/a><\/p>\n","protected":false},"author":2,"featured_media":0,"parent":0,"menu_order":0,"comment_status":"closed","ping_status":"closed","template":"","meta":{"inline_featured_image":false},"categories":[],"acf":[],"yoast_head":"<!-- This site is optimized with the Yoast SEO plugin v20.3 - https:\/\/yoast.com\/wordpress\/plugins\/seo\/ -->\n<title>Datenschutzrichtlinie &ndash; Elmo<\/title>\n<meta name=\"robots\" content=\"index, follow, max-snippet:-1, max-image-preview:large, max-video-preview:-1\" \/>\n<link rel=\"canonical\" href=\"https:\/\/www.elmoremote.com\/de\/datenschutzrichtlinie\/\" \/>\n<meta property=\"og:locale\" content=\"de_DE\" \/>\n<meta property=\"og:type\" content=\"article\" \/>\n<meta property=\"og:title\" content=\"Datenschutzrichtlinie &ndash; Elmo\" \/>\n<meta property=\"og:description\" content=\"Elmo (&#8222;wir&#8220;, &#8222;uns&#8220;, &#8222;unser&#8220;) verpflichtet sich zum Schutz der Privatsph\u00e4re und Sicherheit Ihrer personenbezogenen Daten. Diese Datenschutzrichtlinie erl\u00e4utert, wie wir Ihre personenbezogenen Daten sammeln, verwenden und offenlegen, wenn Sie unsere Website und Dienste nutzen. Daten, die wir sammeln Wir k\u00f6nnen personenbezogene Daten sammeln, wenn Sie unsere Website und Dienste nutzen, einschlie\u00dflich: Wir k\u00f6nnen auch nicht... Read more &raquo;\" \/>\n<meta property=\"og:url\" content=\"https:\/\/www.elmoremote.com\/de\/datenschutzrichtlinie\/\" \/>\n<meta property=\"og:site_name\" content=\"Elmo\" \/>\n<meta property=\"article:modified_time\" content=\"2025-09-09T09:50:34+00:00\" \/>\n<meta property=\"og:image\" content=\"https:\/\/www.elmoremote.com\/wp-content\/uploads\/2023\/04\/opengraph-elmoremote.jpg\" \/>\n\t<meta property=\"og:image:width\" content=\"1200\" \/>\n\t<meta property=\"og:image:height\" content=\"675\" \/>\n\t<meta property=\"og:image:type\" content=\"image\/jpeg\" \/>\n<meta name=\"twitter:card\" content=\"summary_large_image\" \/>\n<meta name=\"twitter:site\" content=\"@ElmoRemote\" \/>\n<meta name=\"twitter:label1\" content=\"Est. reading time\" \/>\n\t<meta name=\"twitter:data1\" content=\"2 Minuten\" \/>\n<script type=\"application\/ld+json\" class=\"yoast-schema-graph\">{\"@context\":\"https:\/\/schema.org\",\"@graph\":[{\"@type\":\"WebPage\",\"@id\":\"https:\/\/www.elmoremote.com\/de\/datenschutzrichtlinie\/\",\"url\":\"https:\/\/www.elmoremote.com\/de\/datenschutzrichtlinie\/\",\"name\":\"Datenschutzrichtlinie &ndash; Elmo\",\"isPartOf\":{\"@id\":\"https:\/\/www.elmoremote.com\/#website\"},\"datePublished\":\"2023-03-15T13:42:17+00:00\",\"dateModified\":\"2025-09-09T09:50:34+00:00\",\"breadcrumb\":{\"@id\":\"https:\/\/www.elmoremote.com\/de\/datenschutzrichtlinie\/#breadcrumb\"},\"inLanguage\":\"de-DE\",\"potentialAction\":[{\"@type\":\"ReadAction\",\"target\":[\"https:\/\/www.elmoremote.com\/de\/datenschutzrichtlinie\/\"]}]},{\"@type\":\"BreadcrumbList\",\"@id\":\"https:\/\/www.elmoremote.com\/de\/datenschutzrichtlinie\/#breadcrumb\",\"itemListElement\":[{\"@type\":\"ListItem\",\"position\":1,\"name\":\"Home\",\"item\":\"https:\/\/www.elmoremote.com\/de\/home-page\/\"},{\"@type\":\"ListItem\",\"position\":2,\"name\":\"Datenschutzrichtlinie\"}]},{\"@type\":\"WebSite\",\"@id\":\"https:\/\/www.elmoremote.com\/#website\",\"url\":\"https:\/\/www.elmoremote.com\/\",\"name\":\"Elmo\",\"description\":\"Road-legal remote technology for cars\",\"publisher\":{\"@id\":\"https:\/\/www.elmoremote.com\/#organization\"},\"potentialAction\":[{\"@type\":\"SearchAction\",\"target\":{\"@type\":\"EntryPoint\",\"urlTemplate\":\"https:\/\/www.elmoremote.com\/?s={search_term_string}\"},\"query-input\":\"required name=search_term_string\"}],\"inLanguage\":\"de-DE\"},{\"@type\":\"Organization\",\"@id\":\"https:\/\/www.elmoremote.com\/#organization\",\"name\":\"Elmo Rent\",\"url\":\"https:\/\/www.elmoremote.com\/\",\"logo\":{\"@type\":\"ImageObject\",\"inLanguage\":\"de-DE\",\"@id\":\"https:\/\/www.elmoremote.com\/#\/schema\/logo\/image\/\",\"url\":\"https:\/\/www.elmoremote.com\/wp-content\/uploads\/2023\/03\/elmo-icon.png\",\"contentUrl\":\"https:\/\/www.elmoremote.com\/wp-content\/uploads\/2023\/03\/elmo-icon.png\",\"width\":400,\"height\":400,\"caption\":\"Elmo Rent\"},\"image\":{\"@id\":\"https:\/\/www.elmoremote.com\/#\/schema\/logo\/image\/\"},\"sameAs\":[\"https:\/\/twitter.com\/ElmoRemote\"]}]}<\/script>\n<!-- \/ Yoast SEO plugin. -->","yoast_head_json":{"title":"Datenschutzrichtlinie &ndash; Elmo","robots":{"index":"index","follow":"follow","max-snippet":"max-snippet:-1","max-image-preview":"max-image-preview:large","max-video-preview":"max-video-preview:-1"},"canonical":"https:\/\/www.elmoremote.com\/de\/datenschutzrichtlinie\/","og_locale":"de_DE","og_type":"article","og_title":"Datenschutzrichtlinie &ndash; Elmo","og_description":"Elmo (&#8222;wir&#8220;, &#8222;uns&#8220;, &#8222;unser&#8220;) verpflichtet sich zum Schutz der Privatsph\u00e4re und Sicherheit Ihrer personenbezogenen Daten. Diese Datenschutzrichtlinie erl\u00e4utert, wie wir Ihre personenbezogenen Daten sammeln, verwenden und offenlegen, wenn Sie unsere Website und Dienste nutzen. Daten, die wir sammeln Wir k\u00f6nnen personenbezogene Daten sammeln, wenn Sie unsere Website und Dienste nutzen, einschlie\u00dflich: Wir k\u00f6nnen auch nicht... Read more &raquo;","og_url":"https:\/\/www.elmoremote.com\/de\/datenschutzrichtlinie\/","og_site_name":"Elmo","article_modified_time":"2025-09-09T09:50:34+00:00","og_image":[{"width":1200,"height":675,"url":"https:\/\/www.elmoremote.com\/wp-content\/uploads\/2023\/04\/opengraph-elmoremote.jpg","type":"image\/jpeg"}],"twitter_card":"summary_large_image","twitter_site":"@ElmoRemote","twitter_misc":{"Est. reading time":"2 Minuten"},"schema":{"@context":"https:\/\/schema.org","@graph":[{"@type":"WebPage","@id":"https:\/\/www.elmoremote.com\/de\/datenschutzrichtlinie\/","url":"https:\/\/www.elmoremote.com\/de\/datenschutzrichtlinie\/","name":"Datenschutzrichtlinie &ndash; Elmo","isPartOf":{"@id":"https:\/\/www.elmoremote.com\/#website"},"datePublished":"2023-03-15T13:42:17+00:00","dateModified":"2025-09-09T09:50:34+00:00","breadcrumb":{"@id":"https:\/\/www.elmoremote.com\/de\/datenschutzrichtlinie\/#breadcrumb"},"inLanguage":"de-DE","potentialAction":[{"@type":"ReadAction","target":["https:\/\/www.elmoremote.com\/de\/datenschutzrichtlinie\/"]}]},{"@type":"BreadcrumbList","@id":"https:\/\/www.elmoremote.com\/de\/datenschutzrichtlinie\/#breadcrumb","itemListElement":[{"@type":"ListItem","position":1,"name":"Home","item":"https:\/\/www.elmoremote.com\/de\/home-page\/"},{"@type":"ListItem","position":2,"name":"Datenschutzrichtlinie"}]},{"@type":"WebSite","@id":"https:\/\/www.elmoremote.com\/#website","url":"https:\/\/www.elmoremote.com\/","name":"Elmo","description":"Road-legal remote technology for cars","publisher":{"@id":"https:\/\/www.elmoremote.com\/#organization"},"potentialAction":[{"@type":"SearchAction","target":{"@type":"EntryPoint","urlTemplate":"https:\/\/www.elmoremote.com\/?s={search_term_string}"},"query-input":"required name=search_term_string"}],"inLanguage":"de-DE"},{"@type":"Organization","@id":"https:\/\/www.elmoremote.com\/#organization","name":"Elmo Rent","url":"https:\/\/www.elmoremote.com\/","logo":{"@type":"ImageObject","inLanguage":"de-DE","@id":"https:\/\/www.elmoremote.com\/#\/schema\/logo\/image\/","url":"https:\/\/www.elmoremote.com\/wp-content\/uploads\/2023\/03\/elmo-icon.png","contentUrl":"https:\/\/www.elmoremote.com\/wp-content\/uploads\/2023\/03\/elmo-icon.png","width":400,"height":400,"caption":"Elmo Rent"},"image":{"@id":"https:\/\/www.elmoremote.com\/#\/schema\/logo\/image\/"},"sameAs":["https:\/\/twitter.com\/ElmoRemote"]}]}},"_links":{"self":[{"href":"https:\/\/www.elmoremote.com\/de\/wp-json\/wp\/v2\/pages\/253"}],"collection":[{"href":"https:\/\/www.elmoremote.com\/de\/wp-json\/wp\/v2\/pages"}],"about":[{"href":"https:\/\/www.elmoremote.com\/de\/wp-json\/wp\/v2\/types\/page"}],"author":[{"embeddable":true,"href":"https:\/\/www.elmoremote.com\/de\/wp-json\/wp\/v2\/users\/2"}],"replies":[{"embeddable":true,"href":"https:\/\/www.elmoremote.com\/de\/wp-json\/wp\/v2\/comments?post=253"}],"version-history":[{"count":2,"href":"https:\/\/www.elmoremote.com\/de\/wp-json\/wp\/v2\/pages\/253\/revisions"}],"predecessor-version":[{"id":1698,"href":"https:\/\/www.elmoremote.com\/de\/wp-json\/wp\/v2\/pages\/253\/revisions\/1698"}],"wp:attachment":[{"href":"https:\/\/www.elmoremote.com\/de\/wp-json\/wp\/v2\/media?parent=253"}],"wp:term":[{"taxonomy":"category","embeddable":true,"href":"https:\/\/www.elmoremote.com\/de\/wp-json\/wp\/v2\/categories?post=253"}],"curies":[{"name":"wp","href":"https:\/\/api.w.org\/{rel}","templated":true}]}}